{"id":357,"date":"2017-03-12T10:43:10","date_gmt":"2017-03-12T09:43:10","guid":{"rendered":"http:\/\/localhost\/webarbeiten\/b17\/?page_id=357"},"modified":"2017-04-28T22:00:10","modified_gmt":"2017-04-28T20:00:10","slug":"quellennachweis","status":"publish","type":"page","link":"https:\/\/b17flyingfortress.de\/en\/quellennachweis\/","title":{"rendered":"Sources"},"content":{"rendered":"<div class=\"table-responsive\">\n<table id=\"quellen\" class=\"table table-striped\">\n<thead>\n<tr>\n<th>Title<\/th>\n<th>ISBN<\/th>\n<\/tr>\n<\/thead>\n<tbody>\n<tr>\n<td class=\"buchtitel\"><a href=\"https:\/\/www.amazon.de\/gp\/product\/3860706985\/ref=as_li_tl?ie=UTF8&amp;camp=1638&amp;creative=6742&amp;creativeASIN=3860706985&amp;linkCode=as2&amp;tag=b17flyingfort-21\" rel=\"nofollow\">Amerikanische Kampfflugzeuge des Zweiten Weltkriegs<\/a>*<\/td>\n<td class=\"isbn\">3-86070-698-5<\/td>\n<\/tr>\n<tr>\n<td class=\"buchtitel\"><a href=\"https:\/\/www.amazon.de\/gp\/product\/3704360295\/ref=as_li_tl?ie=UTF8&amp;camp=1638&amp;creative=6742&amp;creativeASIN=3704360295&amp;linkCode=as2&amp;tag=b17flyingfort-21\" rel=\"nofollow\">Die grossen Luftschlachten des Zweiten Weltkriegs<\/a>*<\/td>\n<td class=\"isbn\">3-7043-6029-5<\/td>\n<\/tr>\n<tr>\n<td class=\"buchtitel\"><a href=\"https:\/\/www.amazon.de\/gp\/product\/0933424701\/ref=as_li_tl?ie=UTF8&amp;camp=1638&amp;creative=6742&amp;creativeASIN=0933424701&amp;linkCode=as2&amp;tag=b17flyingfort-21\" rel=\"nofollow\">Boeing B-17flying Fortress (Warbird Tech)<\/a>*<\/td>\n<td class=\"isbn\">0-933424-70-1<\/td>\n<\/tr>\n<tr>\n<td class=\"buchtitel\"><a href=\"https:\/\/www.amazon.de\/gp\/product\/0897471520\/ref=as_li_tl?ie=UTF8&amp;camp=1638&amp;creative=6742&amp;creativeASIN=0897471520&amp;linkCode=as2&amp;tag=b17flyingfort-21\" rel=\"nofollow\">B-17 in Action (Aircraft)<\/a>*<\/td>\n<td class=\"isbn\">0-89747-152-0<\/td>\n<\/tr>\n<tr>\n<td class=\"buchtitel\">Waffen-Arsenal Band 34 &#8211; B-17<\/td>\n<td class=\"isbn\">3-7909-0063-X<\/td>\n<\/tr>\n<tr>\n<td class=\"buchtitel\"><a href=\"https:\/\/www.amazon.de\/gp\/product\/3860702017\/ref=as_li_tl?ie=UTF8&amp;camp=1638&amp;creative=6742&amp;creativeASIN=3860702017&amp;linkCode=as2&amp;tag=b17flyingfort-21\" rel=\"nofollow\">Spirits in the Sky. Klassische Flugzeuge aus dem Zweiten Weltkrieg<\/a>*<\/td>\n<td class=\"isbn\">3-86070-201-7<\/td>\n<\/tr>\n<tr>\n<td class=\"buchtitel\"><a href=\"https:\/\/www.amazon.de\/gp\/product\/3828903037\/ref=as_li_tl?ie=UTF8&amp;camp=1638&amp;creative=6742&amp;creativeASIN=3828903037&amp;linkCode=as2&amp;tag=b17flyingfort-21\" rel=\"nofollow\">Luftkrieg 1939 &#8211; 1945<\/a>*<\/td>\n<td class=\"isbn\">3-8289-0303-7<\/td>\n<\/tr>\n<tr>\n<td class=\"buchtitel\"><a href=\"https:\/\/www.amazon.de\/gp\/product\/3893657126\/ref=as_li_tl?ie=UTF8&amp;camp=1638&amp;creative=6742&amp;creativeASIN=3893657126&amp;linkCode=as2&amp;tag=b17flyingfort-21\" rel=\"nofollow\">Himmelsst\u00fcrmer: Die ber\u00fchmtesten Milit\u00e4r-Flugzeuge der 30er und 40er Jahre<\/a>*<\/td>\n<td class=\"isbn\">3-89365-712-6<\/td>\n<\/tr>\n<\/tbody>\n<\/table>\n<\/div>\n<div id=\"attachment_1581\" class=\"b17img-caption wp-caption mx-auto alignnone\" style=\"max-width: 1024px; width: 100%;\"><img loading=\"lazy\" decoding=\"async\" class=\"wp-image-1581 size-large\" title=\"All about the B-17 ;)\" src=\"https:\/\/b17flyingfortress.de\/cms\/wp-content\/uploads\/2017\/03\/my-b17-books-1024x807.jpg\" alt=\"All about the B-17 ;)\" width=\"1024\" height=\"807\" srcset=\"https:\/\/b17flyingfortress.de\/cms\/wp-content\/uploads\/2017\/03\/my-b17-books-1024x807.jpg 1024w, https:\/\/b17flyingfortress.de\/cms\/wp-content\/uploads\/2017\/03\/my-b17-books-300x236.jpg 300w, https:\/\/b17flyingfortress.de\/cms\/wp-content\/uploads\/2017\/03\/my-b17-books-768x605.jpg 768w, https:\/\/b17flyingfortress.de\/cms\/wp-content\/uploads\/2017\/03\/my-b17-books-500x394.jpg 500w, https:\/\/b17flyingfortress.de\/cms\/wp-content\/uploads\/2017\/03\/my-b17-books-600x473.jpg 600w, https:\/\/b17flyingfortress.de\/cms\/wp-content\/uploads\/2017\/03\/my-b17-books.jpg 1414w\" sizes=\"auto, (max-width: 1024px) 100vw, 1024px\" \/><div class=\"wp-caption-wrapper\"><p class=\"wp-caption-text text-center\"><small>All about the B-17 \ud83d\ude09<\/small><\/p><\/div><\/div>\n<p>And many thanks to these peoples:<\/p>\n<p>Hartmut Gohle<br \/>\nEdwin Hess<br \/>\nThomas Hampeln<br \/>\nOlaf Weddern<br \/>\nJosef Kurle<br \/>\nMartin Kugelmann<\/p>\n","protected":false},"excerpt":{"rendered":"Title ISBN Amerikanische Kampfflugzeuge des Zweiten Weltkriegs* 3-86070-698-5 Die grossen Luftschlachten des Zweiten Weltkriegs* 3-7043-6029-5 Boeing B-17flying Fortress (Warbird Tech)* 0-933424-70-1 B-17 in Action (Aircraft)* 0-89747-152-0 Waffen-Arsenal Band 34 &#8211; B-17 3-7909-0063-X Spirits in the Sky. Klassische Flugzeuge aus dem Zweiten Weltkrieg* 3-86070-201-7 Luftkrieg 1939 &#8211; 1945* 3-8289-0303-7 Himmelsst\u00fcrmer: Die ber\u00fchmtesten Milit\u00e4r-Flugzeuge der 30er und [&hellip;]","protected":false},"author":1,"featured_media":0,"parent":0,"menu_order":0,"comment_status":"closed","ping_status":"closed","template":"","meta":{"footnotes":""},"class_list":["post-357","page","type-page","status-publish","hentry"],"translation":{"provider":"WPGlobus","version":"3.0.0","language":"en","enabled_languages":["de","en"],"languages":{"de":{"title":true,"content":true,"excerpt":false},"en":{"title":true,"content":true,"excerpt":false}}},"_links":{"self":[{"href":"https:\/\/b17flyingfortress.de\/en\/wp-json\/wp\/v2\/pages\/357","targetHints":{"allow":["GET"]}}],"collection":[{"href":"https:\/\/b17flyingfortress.de\/en\/wp-json\/wp\/v2\/pages"}],"about":[{"href":"https:\/\/b17flyingfortress.de\/en\/wp-json\/wp\/v2\/types\/page"}],"author":[{"embeddable":true,"href":"https:\/\/b17flyingfortress.de\/en\/wp-json\/wp\/v2\/users\/1"}],"replies":[{"embeddable":true,"href":"https:\/\/b17flyingfortress.de\/en\/wp-json\/wp\/v2\/comments?post=357"}],"version-history":[{"count":9,"href":"https:\/\/b17flyingfortress.de\/en\/wp-json\/wp\/v2\/pages\/357\/revisions"}],"predecessor-version":[{"id":1582,"href":"https:\/\/b17flyingfortress.de\/en\/wp-json\/wp\/v2\/pages\/357\/revisions\/1582"}],"wp:attachment":[{"href":"https:\/\/b17flyingfortress.de\/en\/wp-json\/wp\/v2\/media?parent=357"}],"curies":[{"name":"wp","href":"https:\/\/api.w.org\/{rel}","templated":true}]}}