{"id":78,"date":"2015-12-26T19:44:45","date_gmt":"2015-12-26T18:44:45","guid":{"rendered":"http:\/\/localhost\/webarbeiten\/b17\/?page_id=78"},"modified":"2017-06-17T21:24:27","modified_gmt":"2017-06-17T19:24:27","slug":"fightin-pappy","status":"publish","type":"page","link":"https:\/\/b17flyingfortress.de\/en\/schicksale\/fightin-pappy\/","title":{"rendered":"Fightin&#8217; Pappy"},"content":{"rendered":"<p>In the autumn of 1943. B-17s formed up over East Anglia to attack the German FW 190 fighters factory at Marienburg. Fighting Pappy was chosen to go with 120 B-17s for a diversionary attack at the aircraft component factory, Anklam. This was the crew&#8217;s fifth mission and the B-17&#8217;s 19th. the Group passed over Cromer at 1000 feet trying to fly under German radar. Unfortunately, they were spotted by the Bremen defense area and fighters were vectored along the Danish coast on an interception course. The formation reached 11,000 feet, found the target and released their bombs. At 12.00 hours, the group were intercepted over Kiel by a force of FW 190s. Fighting Pappy&#8217;s engines were hit badly. The B-17 spiralled downwards out of formation and dropped. Pilot and co.pilot struggled with the spinning aircraft and managed to straighten her up. The radio operator had been hit by a cannon shell but still sent out a distress signal, then clamped transmitter key down and returned to his gun. The pilot warned the crew to take up crash positions and wait for the impact. He managed to fly her straight and level, putting the B-17 down on a small island north of Kiel without further injuries to the crew. Unhappily, the radio operator had died from his wounds before the crash. He was recommended by the captain for a Silver Star and buried with full military honors at Kiel.<\/p>\n<p>Fighting Pappy s\/n 42-5407; 379th BG. Shot down by enemy fighters on October 10th 1943<\/p>\n<p>Thanks to Thomas Hampel and Edwin Hess for the informations about the B-17 Fightin&#8217; Pappy<\/p>\n<h2>The Crew\u00a0of Fightin&#8217; Pappy<\/h2>\n<p>2Lt Vernon R. Smith &#8211; POW<br \/>\n2Lt Robert L. Greenhaigh &#8211; POW<br \/>\n2Lt Calvin F. Ford &#8211; POW<br \/>\n2Lt. George A. Dickerson &#8211; POW<br \/>\nT\/Sgt Joseph Lemischak &#8211; POW<br \/>\nT\/Sgt Johnie B. Bryant &#8211; KIA<br \/>\nS\/Sgt Walter D. Johnson &#8211; POW<br \/>\nSgt David C. Sharman &#8211; POW<br \/>\nS\/Sgt Howard D.Hinman &#8211; POW<br \/>\nS\/Sgt Quentin E. Breed &#8211; POW<\/p>\n","protected":false},"excerpt":{"rendered":"Im Herbst 1943 formierten sich die B-17 \u00fcber East Anglia, um das deutsche Fw-190-Jagdflugzeugwerk in Marienburg anzugreifen. Die &#8220;Fighting Pappy&#8221; wurde dazu auserw\u00e4hlt, die 120 B-17 auf einem Ablenkungsangriff auf die Flugzeugfabrik in Anklam zu begleiten. Es war der f\u00fcnfte Einsatz der Besatzung und der neunzehnte f\u00fcr die B-17. Das Geschwader \u00fcberflog Cromer auf einer [&hellip;]","protected":false},"author":1,"featured_media":271,"parent":72,"menu_order":0,"comment_status":"closed","ping_status":"closed","template":"","meta":{"footnotes":""},"class_list":["post-78","page","type-page","status-publish","has-post-thumbnail","hentry"],"translation":{"provider":"WPGlobus","version":"3.0.0","language":"en","enabled_languages":["de","en"],"languages":{"de":{"title":true,"content":true,"excerpt":false},"en":{"title":true,"content":true,"excerpt":false}}},"_links":{"self":[{"href":"https:\/\/b17flyingfortress.de\/en\/wp-json\/wp\/v2\/pages\/78","targetHints":{"allow":["GET"]}}],"collection":[{"href":"https:\/\/b17flyingfortress.de\/en\/wp-json\/wp\/v2\/pages"}],"about":[{"href":"https:\/\/b17flyingfortress.de\/en\/wp-json\/wp\/v2\/types\/page"}],"author":[{"embeddable":true,"href":"https:\/\/b17flyingfortress.de\/en\/wp-json\/wp\/v2\/users\/1"}],"replies":[{"embeddable":true,"href":"https:\/\/b17flyingfortress.de\/en\/wp-json\/wp\/v2\/comments?post=78"}],"version-history":[{"count":4,"href":"https:\/\/b17flyingfortress.de\/en\/wp-json\/wp\/v2\/pages\/78\/revisions"}],"predecessor-version":[{"id":2869,"href":"https:\/\/b17flyingfortress.de\/en\/wp-json\/wp\/v2\/pages\/78\/revisions\/2869"}],"up":[{"embeddable":true,"href":"https:\/\/b17flyingfortress.de\/en\/wp-json\/wp\/v2\/pages\/72"}],"wp:featuredmedia":[{"embeddable":true,"href":"https:\/\/b17flyingfortress.de\/en\/wp-json\/"}],"wp:attachment":[{"href":"https:\/\/b17flyingfortress.de\/en\/wp-json\/wp\/v2\/media?parent=78"}],"curies":[{"name":"wp","href":"https:\/\/api.w.org\/{rel}","templated":true}]}}