{"id":86,"date":"2015-12-26T19:45:29","date_gmt":"2015-12-26T18:45:29","guid":{"rendered":"http:\/\/localhost\/webarbeiten\/b17\/?page_id=86"},"modified":"2017-06-17T21:24:39","modified_gmt":"2017-06-17T19:24:39","slug":"miss-ouachita","status":"publish","type":"page","link":"https:\/\/b17flyingfortress.de\/en\/schicksale\/miss-ouachita\/","title":{"rendered":"Miss Ouachita"},"content":{"rendered":"<p>February 1944. &#8220;Miss Ouachita&#8221;, a B-17F had had an uneventful flight to Hanover, its target for that day. When the formation had settled into its bomb run the gunners noticed shinky flecks of metal high above them; the sure sign on immiment enemy fighter attack. Four German FW 190&#8217;s peeled away in an attacking dive. They were spotted by the top turret gunner who screamed out, &#8220;Fighters at 5 o&#8217;clock!&#8221; and began to fire his Browning machine guns. One of the FW 190&#8217;s fell away from attack, its engines spewing out oil and smoke.<\/p>\n<p>&#8220;More fighters at 2&#8217;clock!&#8221; the co-pilot called out to alert all gunners, just before the whole lenght of the plane was raked with gunfire. Tail and waist guns were firing back wildly but the top turret remained ominously quiet. The operator had beed hit in the first strike. The FW 190&#8217;s continued to pound the B-17. The co-pilot, radio operator and left waist gunner were hit and the aircraft was crippled still 20 miles south of Hanover. It was obvious to the pilot that he couldn&#8217;t maintain bombing formation at 25,000 feet. He ordered the wounded members of the crew to bailed out at 23,000 feed knowing that they would receive prompt medical treatment and turned the plane for home. But he couldn&#8217;t maintain height. &#8220;Miss Quachita&#8221; belly landed just short of the Dutch border. the crew survivors immediately tired to destroy the aircraft but they were arrested by the German Home Guard. The crew were eventually sent to POW camp.<\/p>\n<h2>The crew of Miss Ouachita<\/h2>\n<p>2nd LT Spencer K Osterberg<br \/>\nJohn E. Van Beran<br \/>\n2nd LT George J. Zebrowski<br \/>\n2nd LT Morris J. Roy<br \/>\nS\/SGT Samuel P Aldridge<br \/>\nT\/SGT Lambert R. Bostrom<br \/>\nS\/SGT Alexander W. Siatkowski<br \/>\nSGT Jay J. Milewski<br \/>\nT\/SGT Harold Klem<br \/>\nS\/SGT Clayton E. Morningstar<\/p>\n<p><strong>More details about &#8220;Miss Ouachita&#8221; <\/strong><br \/>\nThe B-17F &#8220;Miss Ouachita&#8221; s\/n 42-3040 were built by Douglas with the cost of $357,655.00. She was assigned to the 91st Bomb Group; coded OR-Q. &#8220;Miss Qachita&#8221; was shot down by Heinz Bar.<\/p>\n","protected":false},"excerpt":{"rendered":"Februar 1944. Die &#8220;Miss Ouachita&#8221;, eine B-17F, hatte sich auf einen ereignislosen Flug nach Aschersleben begeben &#8211; das Ziel des Tages. Als die Formation zum Angriff bereit war, entdeckten die Bordsch\u00fctzen gl\u00e4nzende Metallpunkte hoch \u00fcber sich &#8211; ein sicheres Zeichen f\u00fcr einen bevorstehenden Sturzangriff. Wie erwartet schossen pl\u00f6tzlich vier deutsche Fw 190 im Sturzflug auf [&hellip;]","protected":false},"author":1,"featured_media":0,"parent":72,"menu_order":0,"comment_status":"closed","ping_status":"closed","template":"","meta":{"footnotes":""},"class_list":["post-86","page","type-page","status-publish","hentry"],"translation":{"provider":"WPGlobus","version":"3.0.0","language":"en","enabled_languages":["de","en"],"languages":{"de":{"title":true,"content":true,"excerpt":false},"en":{"title":true,"content":true,"excerpt":false}}},"_links":{"self":[{"href":"https:\/\/b17flyingfortress.de\/en\/wp-json\/wp\/v2\/pages\/86","targetHints":{"allow":["GET"]}}],"collection":[{"href":"https:\/\/b17flyingfortress.de\/en\/wp-json\/wp\/v2\/pages"}],"about":[{"href":"https:\/\/b17flyingfortress.de\/en\/wp-json\/wp\/v2\/types\/page"}],"author":[{"embeddable":true,"href":"https:\/\/b17flyingfortress.de\/en\/wp-json\/wp\/v2\/users\/1"}],"replies":[{"embeddable":true,"href":"https:\/\/b17flyingfortress.de\/en\/wp-json\/wp\/v2\/comments?post=86"}],"version-history":[{"count":4,"href":"https:\/\/b17flyingfortress.de\/en\/wp-json\/wp\/v2\/pages\/86\/revisions"}],"predecessor-version":[{"id":2871,"href":"https:\/\/b17flyingfortress.de\/en\/wp-json\/wp\/v2\/pages\/86\/revisions\/2871"}],"up":[{"embeddable":true,"href":"https:\/\/b17flyingfortress.de\/en\/wp-json\/wp\/v2\/pages\/72"}],"wp:attachment":[{"href":"https:\/\/b17flyingfortress.de\/en\/wp-json\/wp\/v2\/media?parent=86"}],"curies":[{"name":"wp","href":"https:\/\/api.w.org\/{rel}","templated":true}]}}